{"id":8,"date":"2016-09-29T07:37:09","date_gmt":"2016-09-29T07:37:09","guid":{"rendered":"http:\/\/localhost\/wpmulti\/plantilla\/?page_id=2"},"modified":"2021-10-15T12:30:54","modified_gmt":"2021-10-15T12:30:54","slug":"pagina-ejemplo-2","status":"publish","type":"page","link":"https:\/\/tourccss.usal.es\/en\/","title":{"rendered":""},"content":{"rendered":"<p><\/p>\n<div class=\"Col2Im-1\"><img loading=\"lazy\" decoding=\"async\" class=\"wp-image-5 alignleft\" src=\"http:\/\/localhost\/wpmulti\/plantilla\/wp-content\/uploads\/sites\/5\/2016\/09\/Campus-004-196x300.jpg\" alt=\"campus-004\" width=\"253\" height=\"387\" \/><\/div>\n<div class=\"Col2Im-2\">\n<h4>P\u00e1gina Web del Centro|Departamento|Servicio.<\/h4>\n<p>El contenido de esta p\u00e1gina se ofrece \u00fanicamente a modo de plantilla. Puede ser borrado o modificado de acuerdo a las necesidades del propietario del sitio.<\/p>\n<p>Pueden incluirse enlaces, tablas, im\u00e1genes, etc.<\/p>\n<p>Por ejemplo:&#8230;<\/p>\n<p><a href=\"http:\/\/www.usal.es\">Universidad de Salamanca <\/a><\/p>\n<p><a href=\"http:\/\/saladeprensa.usal.es\">Sala de Prensa<\/a><\/p>\n<p>En el men\u00fa superior se ofrecen otras plantillas que pueden ser \u00fatiles para crear las distintas p\u00e1ginas.<\/p>\n<p>[<a href=\"http:\/\/colegiofonseca.default.usal.es\/introduccion-2\/\">Seguir leyendo para m\u00e1s informaci\u00f3n<\/a>]<\/p>\n<\/div>\n<p><\/p>","protected":false},"excerpt":{"rendered":"<p>P\u00e1gina Web del Centro|Departamento|Servicio. El contenido de esta p\u00e1gina se ofrece \u00fanicamente a modo de plantilla. Puede ser borrado o modificado de acuerdo a las necesidades del propietario del sitio. Pueden incluirse enlaces, tablas, im\u00e1genes, etc. Por ejemplo:&#8230; Universidad de Salamanca Sala de Prensa En el men\u00fa superior se ofrecen otras plantillas que pueden ser &hellip; <a href=\"https:\/\/tourccss.usal.es\/en\/\" class=\"more-link\">Continue reading<span class=\"screen-reader-text\"> &#8220;&#8221;<\/span><\/a><\/p>\n","protected":false},"author":9,"featured_media":0,"parent":0,"menu_order":0,"comment_status":"closed","ping_status":"open","template":"","meta":{"footnotes":""},"class_list":["post-8","page","type-page","status-publish","hentry"],"aioseo_notices":[],"_links":{"self":[{"href":"https:\/\/tourccss.usal.es\/en\/wp-json\/wp\/v2\/pages\/8","targetHints":{"allow":["GET"]}}],"collection":[{"href":"https:\/\/tourccss.usal.es\/en\/wp-json\/wp\/v2\/pages"}],"about":[{"href":"https:\/\/tourccss.usal.es\/en\/wp-json\/wp\/v2\/types\/page"}],"author":[{"embeddable":true,"href":"https:\/\/tourccss.usal.es\/en\/wp-json\/wp\/v2\/users\/9"}],"replies":[{"embeddable":true,"href":"https:\/\/tourccss.usal.es\/en\/wp-json\/wp\/v2\/comments?post=8"}],"version-history":[{"count":8,"href":"https:\/\/tourccss.usal.es\/en\/wp-json\/wp\/v2\/pages\/8\/revisions"}],"predecessor-version":[{"id":156,"href":"https:\/\/tourccss.usal.es\/en\/wp-json\/wp\/v2\/pages\/8\/revisions\/156"}],"wp:attachment":[{"href":"https:\/\/tourccss.usal.es\/en\/wp-json\/wp\/v2\/media?parent=8"}],"curies":[{"name":"wp","href":"https:\/\/api.w.org\/{rel}","templated":true}]}}